{"id":22,"date":"2019-02-28T12:09:52","date_gmt":"2019-02-28T11:09:52","guid":{"rendered":"http:\/\/euwp08.newsmemory.com\/gardaseezeitung_new\/it\/?page_id=22"},"modified":"2025-10-26T15:24:25","modified_gmt":"2025-10-26T14:24:25","slug":"la-rivista","status":"publish","type":"page","link":"https:\/\/www.gardaseezeitung.com\/la-rivista\/","title":{"rendered":"La rivista"},"content":{"rendered":"<header class=\"article-header clearfix\">\n<h3 class=\"article-title\"><strong>Tiratura e distribuzione\u00a0<\/strong><\/h3>\n<p>In condizioni normali, la tiratura \u00e8 da 25mila a 50mila copie per ogni edizione, a seconda della stagione. La pandemia ha stravolto i programmi ma \u00e8 solo questione di tempo: ritorneremo a regime.<\/p>\n<\/header>\n<p>La distribuzione \u00e8 effettuata capillarmente nei Comuni rivieraschi delle province di Verona, Trento e Brescia (dal 2015 anche Mantova capoluogo) da una societ\u00e0 che nel tempo ha affinato la logistica, aggiornando periodicamente quantit\u00e0 e punti di fornitura: il sollecito rifornimento di nuovi locali, centri o punti di aggregazione \u00e8 soprattutto nel nostro interesse. I\u00a0numeri variano anche in ragione della stagione e del turn over delle attivit\u00e0 ma sostanzialmente per ogni edizione, da aprile a settembre, il piano di distribuzione del nostro free-press prevede:<\/p>\n<p>&#8211; una trentina di IAT\/uffici turistici (mediamente riforniti con 150\/200 copie per un totale di 4.000 copie)<br \/>\n&#8211; oltre 600 strutture alberghiere (resort, hotel, pensioni, residence, b&amp;b). Di questi, poco meno di 500 sono strutture da tre stelle in su (un centinaio in Trentino, il doppio in Lombardia e altrettante in Veneto) che mediamente ricevono 40\/50 copie per ogni edizione. Le strutture da 1\/2 stelle sono circa 150 e ricevono generalmente una ventina di copie<br \/>\n&#8211; le principali edicole dei maggiori centri gardesani<br \/>\n&#8211; circa 120 campeggi (100 copie in media a struttura, o pi\u00f9); in alcuni camping convenzionati, Gardasee Zeitung \u00e8 l&#8217;unica rivista disponibile<br \/>\n&#8211; parchi tematici, giardini botanici e\u00a0grandi centri commerciali, la gran parte dei quali \u00e8 cliente da anni<br \/>\n&#8211; in\u00a0porti e ai 12 imbarchi Navigarda<br \/>\n&#8211; ristoranti, esercizi commerciali, stabilimenti termali e ai pi\u00f9 frequentati luoghi di aggregazione<\/p>\n<p>Per ogni punto di distribuzione, il numero delle copie varia in ragione della richiesta, del numero dei coperti\/posti letto\/visitatori, e di un andamento storico sostanzialmente stabile nell&#8217;arco dell&#8217;anno. Il resto delle copie \u00e8 a disposizione dei clienti.<\/p>\n<h3><strong>Gardasee Zeitung\u00a0\u00e8 anche ONLINE e su APP<\/strong><\/h3>\n<p>Sul web \u00e8 possibile sfogliare la rivista, comprese le edizioni degli ultimi anni. Basta andare sulla homepage, fare click sulla copertina dell&#8217;ultimo numero e registrarsi (la registrazione \u00e8 gratuita).\u00a0Dal 2017 \u00e8 inoltre attiva l&#8217;app Gardasee Zeitung\u00a0(disponibile per Android e MacOS).<\/p>\n<h3><strong>La redazione<\/strong><\/h3>\n<p>Direttore responsabile di Gardasee Zeitung, dal 2017, \u00e8 <strong>Alessandro Colombo<\/strong>. In redazione anche <strong>Kirsten Hofer<\/strong>. Tra i collaboratori fissi spiccano <strong>Peter Assmann<\/strong>, gi\u00e0 direttore del Complesso museale Palazzo Ducale di Mantova e attualmente alla guida dei Tiroler Landesmuseen, e <strong>Monica Kellermann<\/strong>.<\/p>\n","protected":false},"excerpt":{"rendered":"<p>Tiratura e distribuzione, online e app, politica editoriale<\/p>\n","protected":false},"author":1,"featured_media":0,"parent":0,"menu_order":1551355792,"comment_status":"closed","ping_status":"closed","template":"page-single-article.php","meta":[],"_links":{"self":[{"href":"https:\/\/www.gardaseezeitung.com\/gardaseezeitung_new\/it\/wp-json\/wp\/v2\/pages\/22"}],"collection":[{"href":"https:\/\/www.gardaseezeitung.com\/gardaseezeitung_new\/it\/wp-json\/wp\/v2\/pages"}],"about":[{"href":"https:\/\/www.gardaseezeitung.com\/gardaseezeitung_new\/it\/wp-json\/wp\/v2\/types\/page"}],"author":[{"embeddable":true,"href":"https:\/\/www.gardaseezeitung.com\/gardaseezeitung_new\/it\/wp-json\/wp\/v2\/users\/1"}],"replies":[{"embeddable":true,"href":"https:\/\/www.gardaseezeitung.com\/gardaseezeitung_new\/it\/wp-json\/wp\/v2\/comments?post=22"}],"version-history":[{"count":8,"href":"https:\/\/www.gardaseezeitung.com\/gardaseezeitung_new\/it\/wp-json\/wp\/v2\/pages\/22\/revisions"}],"predecessor-version":[{"id":172,"href":"https:\/\/www.gardaseezeitung.com\/gardaseezeitung_new\/it\/wp-json\/wp\/v2\/pages\/22\/revisions\/172"}],"wp:attachment":[{"href":"https:\/\/www.gardaseezeitung.com\/gardaseezeitung_new\/it\/wp-json\/wp\/v2\/media?parent=22"}],"curies":[{"name":"wp","href":"https:\/\/api.w.org\/{rel}","templated":true}]}}