{"id":24,"date":"2019-02-28T12:10:34","date_gmt":"2019-02-28T11:10:34","guid":{"rendered":"http:\/\/euwp08.newsmemory.com\/gardaseezeitung_new\/it\/?page_id=24"},"modified":"2025-10-26T15:02:25","modified_gmt":"2025-10-26T14:02:25","slug":"cosa-facciamo","status":"publish","type":"page","link":"https:\/\/www.gardaseezeitung.com\/cosa-facciamo\/","title":{"rendered":"Cosa facciamo"},"content":{"rendered":"<header class=\"article-header clearfix\">\n<h1 class=\"article-title\"><a href=\"https:\/\/#\"> Un canale privilegiato per l&https:\/\/#8217;informazione, la promozione e la pubblicit\u00e0<\/a><\/h1>\n<p><img alt=\"Cosa facciamo\" title=\"Cosa facciamo\" loading=\"lazy\" width=\"500\" height=\"1270\" class=\"wp-image-136 alignleft\" src=\"\/gardaseezeitung_new\/it\/wp-content\/uploads\/sites\/3\/2020\/02\/gzmix4.jpg\" alt=\"\" srcset=\"https:\/\/euwps06.newsmemory.com\/gardaseezeitung_new\/it\/wp-content\/uploads\/sites\/3\/2020\/02\/gzmix4.jpg 500w, https:\/\/euwps06.newsmemory.com\/gardaseezeitung_new\/it\/wp-content\/uploads\/sites\/3\/2020\/02\/gzmix4-118x300.jpg 118w, https:\/\/euwps06.newsmemory.com\/gardaseezeitung_new\/it\/wp-content\/uploads\/sites\/3\/2020\/02\/gzmix4-403x1024.jpg 403w\" sizes=\"(max-width: 500px) 100vw, 500px\" \/><\/p>\n<p>Gardasee Zeitung \u00e8 lo strumento ideale per fare business con i turisti di lingua tedesca: forniamo spazi, consulenza e &https:\/\/#8211; a richiesta &https:\/\/#8211; traduzioni e servizi di grafica per consentire a operatori turistici, imprenditori e istituzioni di approcciare in modo efficace un target difficilmente raggiungibile con altri strumenti di comunicazione.<\/p>\n<p>Il profilo dei lettori \u00e8 trasversale quanto a caratteristiche di sesso, censo, et\u00e0 e cultura. Negli ultimi tempi sono state introdotte novit\u00e0 che ne hanno abbassato l&https:\/\/#8217;et\u00e0 media (introducendo rubriche dedicate a un pubblico giovane, i cui interessi durante la permanenza sul lago rispondono a logiche diverse: occasioni di svago ed eventi musicali anche alternativi, happy hour, vita notturna&https:\/\/#8230;) e ampliato la platea dei lettori. Cartina di tornasole, in questo senso, sono ad esempio il\u00a0mercatino dei piccoli annunci\u00a0e soprattutto le\u00a0pagine dell\u2019esperto, in grado di dare utili indicazioni agli stranieri che non hanno troppa familiarit\u00e0 con le leggi, i regolamenti e le consuetudini italiane.\u00a0In ogni caso, il giornale \u00e8 richiesto e apprezzato sia come passatempo sia come efficace e credibile strumento di consultazione: un punto di riferimento consolidato per conoscere luoghi, opportunit\u00e0 ed eventi con i quali gestire al meglio il proprio soggiorno.<\/p>\n<p>La tiratura varia, a seconda del periodo, da 25mila a 50mila copie. Come \u00e8 noto, tuttavia, statisticamente\u00a0il numero dei lettori \u00e8\u00a0molto superiore alle copie distribuite dal momento che, una volta letto, il giornale facilmente\u00a0passa di mano all\u2019interno della famiglia, del gruppo di vacanzieri o comunque resta a disposizione di altri utenti.\u00a0Da non sottovalutare, in quest\u2019ottica &https:\/\/#8211; oltre alle pagine di servizio con tutti i riferimenti (dai presidi medici a quelli turistici, dagli orari dei mezzi di trasporto a quelli di musei e funzioni religiose) un aggiornato e ricco\u00a0panorama degli appuntamenti,\u00a0con gli eventi del lago organizzati per data e luogo.<\/p>\n<\/header>\n<aside class=\"article-aside clearfix\"><\/aside>\n","protected":false},"excerpt":{"rendered":"","protected":false},"author":1,"featured_media":0,"parent":0,"menu_order":1551355834,"comment_status":"closed","ping_status":"closed","template":"","meta":[],"_links":{"self":[{"href":"https:\/\/www.gardaseezeitung.com\/gardaseezeitung_new\/it\/wp-json\/wp\/v2\/pages\/24"}],"collection":[{"href":"https:\/\/www.gardaseezeitung.com\/gardaseezeitung_new\/it\/wp-json\/wp\/v2\/pages"}],"about":[{"href":"https:\/\/www.gardaseezeitung.com\/gardaseezeitung_new\/it\/wp-json\/wp\/v2\/types\/page"}],"author":[{"embeddable":true,"href":"https:\/\/www.gardaseezeitung.com\/gardaseezeitung_new\/it\/wp-json\/wp\/v2\/users\/1"}],"replies":[{"embeddable":true,"href":"https:\/\/www.gardaseezeitung.com\/gardaseezeitung_new\/it\/wp-json\/wp\/v2\/comments?post=24"}],"version-history":[{"count":5,"href":"https:\/\/www.gardaseezeitung.com\/gardaseezeitung_new\/it\/wp-json\/wp\/v2\/pages\/24\/revisions"}],"predecessor-version":[{"id":173,"href":"https:\/\/www.gardaseezeitung.com\/gardaseezeitung_new\/it\/wp-json\/wp\/v2\/pages\/24\/revisions\/173"}],"wp:attachment":[{"href":"https:\/\/www.gardaseezeitung.com\/gardaseezeitung_new\/it\/wp-json\/wp\/v2\/media?parent=24"}],"curies":[{"name":"wp","href":"https:\/\/api.w.org\/{rel}","templated":true}]}}